{"id":553,"date":"2022-10-21T19:56:50","date_gmt":"2022-10-21T19:56:50","guid":{"rendered":"https:\/\/leadnectar.net\/?page_id=553"},"modified":"2022-11-18T17:22:53","modified_gmt":"2022-11-18T22:22:53","slug":"web-development","status":"publish","type":"page","link":"https:\/\/leadnectar.net\/es\/web-development\/","title":{"rendered":"Desarrollo web"},"content":{"rendered":"<div data-elementor-type=\"wp-page\" data-elementor-id=\"553\" class=\"elementor elementor-553\" data-elementor-post-type=\"page\">\n\t\t\t\t\t\t<section class=\"elementor-section elementor-top-section elementor-element elementor-element-6fac9db9 elementor-section-content-middle elementor-section-full_width elementor-section-height-default elementor-section-height-default\" data-id=\"6fac9db9\" data-element_type=\"section\" data-e-type=\"section\" data-settings=\"{&quot;background_background&quot;:&quot;classic&quot;}\">\n\t\t\t\t\t\t<div class=\"elementor-container elementor-column-gap-no\">\n\t\t\t\t\t<div class=\"elementor-column elementor-col-50 elementor-top-column elementor-element elementor-element-618808c6\" data-id=\"618808c6\" data-element_type=\"column\" data-e-type=\"column\">\n\t\t\t<div class=\"elementor-widget-wrap elementor-element-populated\">\n\t\t\t\t\t\t<div class=\"elementor-element elementor-element-1254c5c2 elementor-widget elementor-widget-heading\" data-id=\"1254c5c2\" data-element_type=\"widget\" data-e-type=\"widget\" data-widget_type=\"heading.default\">\n\t\t\t\t<div class=\"elementor-widget-container\">\n\t\t\t\t\t<h1 class=\"elementor-heading-title elementor-size-default\">construyamos juntos<\/h1>\t\t\t\t<\/div>\n\t\t\t\t<\/div>\n\t\t\t\t<div class=\"elementor-element elementor-element-915725d elementor-widget elementor-widget-text-editor\" data-id=\"915725d\" data-element_type=\"widget\" data-e-type=\"widget\" data-widget_type=\"text-editor.default\">\n\t\t\t\t<div class=\"elementor-widget-container\">\n\t\t\t\t\t\t\t\t\t<p>Sitios web y aplicaciones dise\u00f1ados por expertos<\/p>\t\t\t\t\t\t\t\t<\/div>\n\t\t\t\t<\/div>\n\t\t\t\t\t<\/div>\n\t\t<\/div>\n\t\t\t\t<div class=\"elementor-column elementor-col-50 elementor-top-column elementor-element elementor-element-72b751ec\" data-id=\"72b751ec\" data-element_type=\"column\" data-e-type=\"column\">\n\t\t\t<div class=\"elementor-widget-wrap elementor-element-populated\">\n\t\t\t\t\t\t<div class=\"elementor-element elementor-element-3d9f490e elementor-widget elementor-widget-image\" data-id=\"3d9f490e\" data-element_type=\"widget\" data-e-type=\"widget\" data-widget_type=\"image.default\">\n\t\t\t\t<div class=\"elementor-widget-container\">\n\t\t\t\t\t\t\t\t\t\t\t\t\t\t\t<img fetchpriority=\"high\" decoding=\"async\" width=\"800\" height=\"534\" src=\"https:\/\/leadnectar.net\/wp-content\/uploads\/2022\/11\/software-engineering-team-1024x683.jpeg\" class=\"attachment-large size-large wp-image-2359\" alt=\"\" srcset=\"https:\/\/leadnectar.net\/wp-content\/uploads\/2022\/11\/software-engineering-team-1024x683.jpeg 1024w, https:\/\/leadnectar.net\/wp-content\/uploads\/2022\/11\/software-engineering-team-300x200.jpeg 300w, https:\/\/leadnectar.net\/wp-content\/uploads\/2022\/11\/software-engineering-team-768x512.jpeg 768w, https:\/\/leadnectar.net\/wp-content\/uploads\/2022\/11\/software-engineering-team-1536x1024.jpeg 1536w, https:\/\/leadnectar.net\/wp-content\/uploads\/2022\/11\/software-engineering-team-2048x1365.jpeg 2048w\" sizes=\"(max-width: 800px) 100vw, 800px\" \/>\t\t\t\t\t\t\t\t\t\t\t\t\t\t\t<\/div>\n\t\t\t\t<\/div>\n\t\t\t\t\t<\/div>\n\t\t<\/div>\n\t\t\t\t\t<\/div>\n\t\t<\/section>\n\t\t\t\t<section class=\"elementor-section elementor-top-section elementor-element elementor-element-861b74c elementor-section-content-middle elementor-section-full_width elementor-section-height-default elementor-section-height-default\" data-id=\"861b74c\" data-element_type=\"section\" data-e-type=\"section\" data-settings=\"{&quot;background_background&quot;:&quot;classic&quot;}\">\n\t\t\t\t\t\t<div class=\"elementor-container elementor-column-gap-no\">\n\t\t\t\t\t<div class=\"elementor-column elementor-col-50 elementor-top-column elementor-element elementor-element-5845af83\" data-id=\"5845af83\" data-element_type=\"column\" data-e-type=\"column\">\n\t\t\t<div class=\"elementor-widget-wrap elementor-element-populated\">\n\t\t\t\t\t\t<div class=\"elementor-element elementor-element-782d97dd elementor-widget elementor-widget-heading\" data-id=\"782d97dd\" data-element_type=\"widget\" data-e-type=\"widget\" data-widget_type=\"heading.default\">\n\t\t\t\t<div class=\"elementor-widget-container\">\n\t\t\t\t\t<h2 class=\"elementor-heading-title elementor-size-default\">Software dise\u00f1ado a medida<\/h2>\t\t\t\t<\/div>\n\t\t\t\t<\/div>\n\t\t\t\t<div class=\"elementor-element elementor-element-52203e84 elementor-widget elementor-widget-text-editor\" data-id=\"52203e84\" data-element_type=\"widget\" data-e-type=\"widget\" data-widget_type=\"text-editor.default\">\n\t\t\t\t<div class=\"elementor-widget-container\">\n\t\t\t\t\t\t\t\t\t<ul><li>Capacidad de respuesta entre dispositivos<\/li><li>Compatible con varios navegadores<\/li><li>compatible con SEO<\/li><li>Experiencia de usuario profesional optimizada<\/li><li>Comercio electr\u00f3nico integrado<\/li><li><span style=\"background-color: transparent; letter-spacing: 0px; word-spacing: 0em;\">Redes sociales integradas.<\/span><\/li><li>CRM integrado<\/li><\/ul>\t\t\t\t\t\t\t\t<\/div>\n\t\t\t\t<\/div>\n\t\t\t\t\t<\/div>\n\t\t<\/div>\n\t\t\t\t<div class=\"elementor-column elementor-col-50 elementor-top-column elementor-element elementor-element-224b350b\" data-id=\"224b350b\" data-element_type=\"column\" data-e-type=\"column\">\n\t\t\t<div class=\"elementor-widget-wrap elementor-element-populated\">\n\t\t\t\t\t\t<div class=\"elementor-element elementor-element-2ea6f895 elementor-widget elementor-widget-image\" data-id=\"2ea6f895\" data-element_type=\"widget\" data-e-type=\"widget\" data-widget_type=\"image.default\">\n\t\t\t\t<div class=\"elementor-widget-container\">\n\t\t\t\t\t\t\t\t\t\t\t\t\t\t\t<img decoding=\"async\" width=\"800\" height=\"516\" src=\"https:\/\/leadnectar.net\/wp-content\/uploads\/2022\/11\/responsive-design-image-1024x660.jpeg\" class=\"attachment-large size-large wp-image-2363\" alt=\"responsive design\" srcset=\"https:\/\/leadnectar.net\/wp-content\/uploads\/2022\/11\/responsive-design-image-1024x660.jpeg 1024w, https:\/\/leadnectar.net\/wp-content\/uploads\/2022\/11\/responsive-design-image-300x193.jpeg 300w, https:\/\/leadnectar.net\/wp-content\/uploads\/2022\/11\/responsive-design-image-768x495.jpeg 768w, https:\/\/leadnectar.net\/wp-content\/uploads\/2022\/11\/responsive-design-image-1536x991.jpeg 1536w, https:\/\/leadnectar.net\/wp-content\/uploads\/2022\/11\/responsive-design-image-2048x1321.jpeg 2048w\" sizes=\"(max-width: 800px) 100vw, 800px\" \/>\t\t\t\t\t\t\t\t\t\t\t\t\t\t\t<\/div>\n\t\t\t\t<\/div>\n\t\t\t\t\t<\/div>\n\t\t<\/div>\n\t\t\t\t\t<\/div>\n\t\t<\/section>\n\t\t\t\t<section class=\"elementor-section elementor-top-section elementor-element elementor-element-9569642 elementor-section-content-middle elementor-section-full_width elementor-reverse-mobile elementor-section-height-default elementor-section-height-default\" data-id=\"9569642\" data-element_type=\"section\" data-e-type=\"section\" data-settings=\"{&quot;background_background&quot;:&quot;classic&quot;}\">\n\t\t\t\t\t\t<div class=\"elementor-container elementor-column-gap-no\">\n\t\t\t\t\t<div class=\"elementor-column elementor-col-50 elementor-top-column elementor-element elementor-element-e1d3bb1\" data-id=\"e1d3bb1\" data-element_type=\"column\" data-e-type=\"column\">\n\t\t\t<div class=\"elementor-widget-wrap elementor-element-populated\">\n\t\t\t\t\t\t<div class=\"elementor-element elementor-element-3cf26e9 elementor-widget elementor-widget-image\" data-id=\"3cf26e9\" data-element_type=\"widget\" data-e-type=\"widget\" data-widget_type=\"image.default\">\n\t\t\t\t<div class=\"elementor-widget-container\">\n\t\t\t\t\t\t\t\t\t\t\t\t\t\t\t<img decoding=\"async\" width=\"800\" height=\"500\" src=\"https:\/\/leadnectar.net\/wp-content\/uploads\/2022\/10\/AdobeStock_413529094-1024x640.jpeg\" class=\"attachment-large size-large wp-image-566\" alt=\"\" srcset=\"https:\/\/leadnectar.net\/wp-content\/uploads\/2022\/10\/AdobeStock_413529094-1024x640.jpeg 1024w, https:\/\/leadnectar.net\/wp-content\/uploads\/2022\/10\/AdobeStock_413529094-300x188.jpeg 300w, https:\/\/leadnectar.net\/wp-content\/uploads\/2022\/10\/AdobeStock_413529094-768x480.jpeg 768w, https:\/\/leadnectar.net\/wp-content\/uploads\/2022\/10\/AdobeStock_413529094-1536x960.jpeg 1536w, https:\/\/leadnectar.net\/wp-content\/uploads\/2022\/10\/AdobeStock_413529094-2048x1280.jpeg 2048w\" sizes=\"(max-width: 800px) 100vw, 800px\" \/>\t\t\t\t\t\t\t\t\t\t\t\t\t\t\t<\/div>\n\t\t\t\t<\/div>\n\t\t\t\t\t<\/div>\n\t\t<\/div>\n\t\t\t\t<div class=\"elementor-column elementor-col-50 elementor-top-column elementor-element elementor-element-7320875\" data-id=\"7320875\" data-element_type=\"column\" data-e-type=\"column\">\n\t\t\t<div class=\"elementor-widget-wrap elementor-element-populated\">\n\t\t\t\t\t\t<div class=\"elementor-element elementor-element-c35b271 elementor-widget elementor-widget-heading\" data-id=\"c35b271\" data-element_type=\"widget\" data-e-type=\"widget\" data-widget_type=\"heading.default\">\n\t\t\t\t<div class=\"elementor-widget-container\">\n\t\t\t\t\t<h2 class=\"elementor-heading-title elementor-size-default\">Administraci\u00f3n del sitio web<\/h2>\t\t\t\t<\/div>\n\t\t\t\t<\/div>\n\t\t\t\t<div class=\"elementor-element elementor-element-52b3dbc elementor-widget elementor-widget-text-editor\" data-id=\"52b3dbc\" data-element_type=\"widget\" data-e-type=\"widget\" data-widget_type=\"text-editor.default\">\n\t\t\t\t<div class=\"elementor-widget-container\">\n\t\t\t\t\t\t\t\t\t<ul><li><span style=\"background-color: transparent; letter-spacing: 0px; word-spacing: 0em;\">Alojamiento<\/span><\/li><li><span style=\"background-color: transparent; letter-spacing: 0px; word-spacing: 0em;\">Mantenimiento<\/span><\/li><li><span style=\"background-color: transparent; letter-spacing: 0px; word-spacing: 0em;\">Actualizaciones<\/span><\/li><li><span style=\"background-color: transparent; letter-spacing: 0px; word-spacing: 0em;\">Apoyo<\/span><\/li><\/ul>\t\t\t\t\t\t\t\t<\/div>\n\t\t\t\t<\/div>\n\t\t\t\t\t<\/div>\n\t\t<\/div>\n\t\t\t\t\t<\/div>\n\t\t<\/section>\n\t\t\t\t<section class=\"elementor-section elementor-top-section elementor-element elementor-element-0bda741 elementor-section-content-middle elementor-section-full_width elementor-section-height-default elementor-section-height-default\" data-id=\"0bda741\" data-element_type=\"section\" data-e-type=\"section\" data-settings=\"{&quot;background_background&quot;:&quot;classic&quot;}\">\n\t\t\t\t\t\t<div class=\"elementor-container elementor-column-gap-no\">\n\t\t\t\t\t<div class=\"elementor-column elementor-col-50 elementor-top-column elementor-element elementor-element-525f18b\" data-id=\"525f18b\" data-element_type=\"column\" data-e-type=\"column\">\n\t\t\t<div class=\"elementor-widget-wrap elementor-element-populated\">\n\t\t\t\t\t\t<div class=\"elementor-element elementor-element-96c8299 elementor-widget elementor-widget-heading\" data-id=\"96c8299\" data-element_type=\"widget\" data-e-type=\"widget\" data-widget_type=\"heading.default\">\n\t\t\t\t<div class=\"elementor-widget-container\">\n\t\t\t\t\t<h2 class=\"elementor-heading-title elementor-size-default\">Seguro de calidad<\/h2>\t\t\t\t<\/div>\n\t\t\t\t<\/div>\n\t\t\t\t<div class=\"elementor-element elementor-element-7962b21 elementor-widget elementor-widget-text-editor\" data-id=\"7962b21\" data-element_type=\"widget\" data-e-type=\"widget\" data-widget_type=\"text-editor.default\">\n\t\t\t\t<div class=\"elementor-widget-container\">\n\t\t\t\t\t\t\t\t\t<ul><li>Reducir las redirecciones<\/li><li>Minimizar las solicitudes HTTP<\/li><li>Reducir el tiempo de respuesta del servidor<\/li><li>Habilitar el almacenamiento en cach\u00e9 del navegador<\/li><li>Minimizando recursos<\/li><li>Optimizaci\u00f3n de im\u00e1genes<\/li><li>Optimizaci\u00f3n de CSS<\/li><\/ul>\t\t\t\t\t\t\t\t<\/div>\n\t\t\t\t<\/div>\n\t\t\t\t\t<\/div>\n\t\t<\/div>\n\t\t\t\t<div class=\"elementor-column elementor-col-50 elementor-top-column elementor-element elementor-element-db1cc85\" data-id=\"db1cc85\" data-element_type=\"column\" data-e-type=\"column\">\n\t\t\t<div class=\"elementor-widget-wrap elementor-element-populated\">\n\t\t\t\t\t\t<div class=\"elementor-element elementor-element-6200978 elementor-widget elementor-widget-image\" data-id=\"6200978\" data-element_type=\"widget\" data-e-type=\"widget\" data-widget_type=\"image.default\">\n\t\t\t\t<div class=\"elementor-widget-container\">\n\t\t\t\t\t\t\t\t\t\t\t\t\t\t\t<img loading=\"lazy\" decoding=\"async\" width=\"800\" height=\"472\" src=\"https:\/\/leadnectar.net\/wp-content\/uploads\/2022\/10\/AdobeStock_214364367-1024x604.jpeg\" class=\"attachment-large size-large wp-image-567\" alt=\"\" srcset=\"https:\/\/leadnectar.net\/wp-content\/uploads\/2022\/10\/AdobeStock_214364367-1024x604.jpeg 1024w, https:\/\/leadnectar.net\/wp-content\/uploads\/2022\/10\/AdobeStock_214364367-300x177.jpeg 300w, https:\/\/leadnectar.net\/wp-content\/uploads\/2022\/10\/AdobeStock_214364367-768x453.jpeg 768w, https:\/\/leadnectar.net\/wp-content\/uploads\/2022\/10\/AdobeStock_214364367-1536x906.jpeg 1536w, https:\/\/leadnectar.net\/wp-content\/uploads\/2022\/10\/AdobeStock_214364367-2048x1208.jpeg 2048w\" sizes=\"(max-width: 800px) 100vw, 800px\" \/>\t\t\t\t\t\t\t\t\t\t\t\t\t\t\t<\/div>\n\t\t\t\t<\/div>\n\t\t\t\t\t<\/div>\n\t\t<\/div>\n\t\t\t\t\t<\/div>\n\t\t<\/section>\n\t\t\t\t<section class=\"elementor-section elementor-top-section elementor-element elementor-element-24c4beec elementor-section-content-middle elementor-section-full_width elementor-reverse-mobile elementor-section-height-default elementor-section-height-default\" data-id=\"24c4beec\" data-element_type=\"section\" data-e-type=\"section\" data-settings=\"{&quot;background_background&quot;:&quot;classic&quot;}\">\n\t\t\t\t\t\t<div class=\"elementor-container elementor-column-gap-no\">\n\t\t\t\t\t<div class=\"elementor-column elementor-col-50 elementor-top-column elementor-element elementor-element-ef2644b\" data-id=\"ef2644b\" data-element_type=\"column\" data-e-type=\"column\">\n\t\t\t<div class=\"elementor-widget-wrap elementor-element-populated\">\n\t\t\t\t\t\t<div class=\"elementor-element elementor-element-5731e39c elementor-widget elementor-widget-image\" data-id=\"5731e39c\" data-element_type=\"widget\" data-e-type=\"widget\" data-widget_type=\"image.default\">\n\t\t\t\t<div class=\"elementor-widget-container\">\n\t\t\t\t\t\t\t\t\t\t\t\t\t\t\t<img loading=\"lazy\" decoding=\"async\" width=\"800\" height=\"450\" src=\"https:\/\/leadnectar.net\/wp-content\/uploads\/2022\/10\/AdobeStock_262200109-1024x576.jpeg\" class=\"attachment-large size-large wp-image-562\" alt=\"\" srcset=\"https:\/\/leadnectar.net\/wp-content\/uploads\/2022\/10\/AdobeStock_262200109-1024x576.jpeg 1024w, https:\/\/leadnectar.net\/wp-content\/uploads\/2022\/10\/AdobeStock_262200109-300x169.jpeg 300w, https:\/\/leadnectar.net\/wp-content\/uploads\/2022\/10\/AdobeStock_262200109-768x432.jpeg 768w, https:\/\/leadnectar.net\/wp-content\/uploads\/2022\/10\/AdobeStock_262200109-1536x864.jpeg 1536w, https:\/\/leadnectar.net\/wp-content\/uploads\/2022\/10\/AdobeStock_262200109-2048x1152.jpeg 2048w\" sizes=\"(max-width: 800px) 100vw, 800px\" \/>\t\t\t\t\t\t\t\t\t\t\t\t\t\t\t<\/div>\n\t\t\t\t<\/div>\n\t\t\t\t\t<\/div>\n\t\t<\/div>\n\t\t\t\t<div class=\"elementor-column elementor-col-50 elementor-top-column elementor-element elementor-element-49609c4c\" data-id=\"49609c4c\" data-element_type=\"column\" data-e-type=\"column\">\n\t\t\t<div class=\"elementor-widget-wrap elementor-element-populated\">\n\t\t\t\t\t\t<div class=\"elementor-element elementor-element-498a1de3 elementor-widget elementor-widget-heading\" data-id=\"498a1de3\" data-element_type=\"widget\" data-e-type=\"widget\" data-widget_type=\"heading.default\">\n\t\t\t\t<div class=\"elementor-widget-container\">\n\t\t\t\t\t<h2 class=\"elementor-heading-title elementor-size-default\">Desarrollo multifuncional<\/h2>\t\t\t\t<\/div>\n\t\t\t\t<\/div>\n\t\t\t\t<div class=\"elementor-element elementor-element-3280ca14 elementor-widget elementor-widget-text-editor\" data-id=\"3280ca14\" data-element_type=\"widget\" data-e-type=\"widget\" data-widget_type=\"text-editor.default\">\n\t\t\t\t<div class=\"elementor-widget-container\">\n\t\t\t\t\t\t\t\t\t<ul><li><span style=\"background-color: transparent; letter-spacing: 0px; word-spacing: 0em;\">Gesti\u00f3n de proyectos<\/span><\/li><li><span style=\"background-color: transparent; letter-spacing: 0px; word-spacing: 0em;\">Dise\u00f1o de experiencia de usuario<\/span><\/li><li><span style=\"background-color: transparent; letter-spacing: 0px; word-spacing: 0em;\">Ingenier\u00eda de back-end<\/span><\/li><li><span style=\"background-color: transparent; letter-spacing: 0px; word-spacing: 0em;\">Ingenier\u00eda Frontend<\/span><\/li><li><span style=\"background-color: transparent; letter-spacing: 0px; word-spacing: 0em;\">Operaciones de desarrollo<\/span><\/li><\/ul>\t\t\t\t\t\t\t\t<\/div>\n\t\t\t\t<\/div>\n\t\t\t\t\t<\/div>\n\t\t<\/div>\n\t\t\t\t\t<\/div>\n\t\t<\/section>\n\t\t\t\t<\/div>","protected":false},"excerpt":{"rendered":"<p>Construyamos juntos Sitios web y aplicaciones dise\u00f1ados por expertos Software dise\u00f1ado a medida Capacidad de respuesta para varios dispositivos Compatible con varios navegadores Compatible con SEO Experiencia de usuario profesional optimizada Comercio electr\u00f3nico integrado Redes sociales integrado CRM integrado Administraci\u00f3n de sitios web Alojamiento Mantenimiento Actualizaciones Soporte Garant\u00eda de calidad Reducci\u00f3n de redireccionamientos Minimizaci\u00f3n de solicitudes HTTP Reducci\u00f3n del servidor tiempo de respuesta Habilitar el almacenamiento en cach\u00e9 del navegador Minimizar recursos Optimizar im\u00e1genes Optimizar el desarrollo multifuncional de CSS [\u2026]<\/p>","protected":false},"author":849,"featured_media":0,"parent":0,"menu_order":0,"comment_status":"closed","ping_status":"closed","template":"","meta":{"content-type":"","_uf_show_specific_survey":0,"_uf_disable_surveys":false,"footnotes":""},"class_list":["post-553","page","type-page","status-publish","hentry"],"aioseo_notices":[],"_links":{"self":[{"href":"https:\/\/leadnectar.net\/es\/wp-json\/wp\/v2\/pages\/553","targetHints":{"allow":["GET"]}}],"collection":[{"href":"https:\/\/leadnectar.net\/es\/wp-json\/wp\/v2\/pages"}],"about":[{"href":"https:\/\/leadnectar.net\/es\/wp-json\/wp\/v2\/types\/page"}],"author":[{"embeddable":true,"href":"https:\/\/leadnectar.net\/es\/wp-json\/wp\/v2\/users\/849"}],"replies":[{"embeddable":true,"href":"https:\/\/leadnectar.net\/es\/wp-json\/wp\/v2\/comments?post=553"}],"version-history":[{"count":27,"href":"https:\/\/leadnectar.net\/es\/wp-json\/wp\/v2\/pages\/553\/revisions"}],"predecessor-version":[{"id":2374,"href":"https:\/\/leadnectar.net\/es\/wp-json\/wp\/v2\/pages\/553\/revisions\/2374"}],"wp:attachment":[{"href":"https:\/\/leadnectar.net\/es\/wp-json\/wp\/v2\/media?parent=553"}],"curies":[{"name":"wp","href":"https:\/\/api.w.org\/{rel}","templated":true}]}}