{"id":596,"date":"2022-10-21T20:35:45","date_gmt":"2022-10-21T20:35:45","guid":{"rendered":"https:\/\/leadnectar.net\/?page_id=596"},"modified":"2022-11-18T17:56:08","modified_gmt":"2022-11-18T22:56:08","slug":"crm","status":"publish","type":"page","link":"https:\/\/leadnectar.net\/es\/crm\/","title":{"rendered":"CRM"},"content":{"rendered":"<div data-elementor-type=\"wp-page\" data-elementor-id=\"596\" class=\"elementor elementor-596\" data-elementor-post-type=\"page\">\n\t\t\t\t\t\t<section class=\"elementor-section elementor-top-section elementor-element elementor-element-26416129 elementor-section-content-middle elementor-section-full_width elementor-section-height-default elementor-section-height-default\" data-id=\"26416129\" data-element_type=\"section\" data-e-type=\"section\" data-settings=\"{&quot;background_background&quot;:&quot;classic&quot;}\">\n\t\t\t\t\t\t<div class=\"elementor-container elementor-column-gap-no\">\n\t\t\t\t\t<div class=\"elementor-column elementor-col-50 elementor-top-column elementor-element elementor-element-47afadc4\" data-id=\"47afadc4\" data-element_type=\"column\" data-e-type=\"column\">\n\t\t\t<div class=\"elementor-widget-wrap elementor-element-populated\">\n\t\t\t\t\t\t<div class=\"elementor-element elementor-element-490f5468 elementor-widget elementor-widget-heading\" data-id=\"490f5468\" data-element_type=\"widget\" data-e-type=\"widget\" data-widget_type=\"heading.default\">\n\t\t\t\t<div class=\"elementor-widget-container\">\n\t\t\t\t\t<h1 class=\"elementor-heading-title elementor-size-default\">CRM<\/h1>\t\t\t\t<\/div>\n\t\t\t\t<\/div>\n\t\t\t\t<div class=\"elementor-element elementor-element-7e9551ec elementor-widget elementor-widget-text-editor\" data-id=\"7e9551ec\" data-element_type=\"widget\" data-e-type=\"widget\" data-widget_type=\"text-editor.default\">\n\t\t\t\t<div class=\"elementor-widget-container\">\n\t\t\t\t\t\t\t\t\t<p>Construir una arquitectura de ventas que permita a las empresas escalar.&nbsp;<\/p>\t\t\t\t\t\t\t\t<\/div>\n\t\t\t\t<\/div>\n\t\t\t\t\t<\/div>\n\t\t<\/div>\n\t\t\t\t<div class=\"elementor-column elementor-col-50 elementor-top-column elementor-element elementor-element-191f2201\" data-id=\"191f2201\" data-element_type=\"column\" data-e-type=\"column\">\n\t\t\t<div class=\"elementor-widget-wrap elementor-element-populated\">\n\t\t\t\t\t\t<div class=\"elementor-element elementor-element-5e5e36c2 elementor-widget elementor-widget-image\" data-id=\"5e5e36c2\" data-element_type=\"widget\" data-e-type=\"widget\" data-widget_type=\"image.default\">\n\t\t\t\t<div class=\"elementor-widget-container\">\n\t\t\t\t\t\t\t\t\t\t\t\t\t\t\t<img fetchpriority=\"high\" decoding=\"async\" width=\"800\" height=\"531\" src=\"https:\/\/leadnectar.net\/wp-content\/uploads\/2022\/10\/AdobeStock_359201960-1024x680.jpeg\" class=\"attachment-large size-large wp-image-611\" alt=\"\" srcset=\"https:\/\/leadnectar.net\/wp-content\/uploads\/2022\/10\/AdobeStock_359201960-1024x680.jpeg 1024w, https:\/\/leadnectar.net\/wp-content\/uploads\/2022\/10\/AdobeStock_359201960-300x199.jpeg 300w, https:\/\/leadnectar.net\/wp-content\/uploads\/2022\/10\/AdobeStock_359201960-768x510.jpeg 768w, https:\/\/leadnectar.net\/wp-content\/uploads\/2022\/10\/AdobeStock_359201960-1536x1019.jpeg 1536w, https:\/\/leadnectar.net\/wp-content\/uploads\/2022\/10\/AdobeStock_359201960-2048x1359.jpeg 2048w\" sizes=\"(max-width: 800px) 100vw, 800px\" \/>\t\t\t\t\t\t\t\t\t\t\t\t\t\t\t<\/div>\n\t\t\t\t<\/div>\n\t\t\t\t\t<\/div>\n\t\t<\/div>\n\t\t\t\t\t<\/div>\n\t\t<\/section>\n\t\t\t\t<section class=\"elementor-section elementor-top-section elementor-element elementor-element-40cc5ac1 elementor-section-content-middle elementor-section-full_width elementor-section-height-default elementor-section-height-default\" data-id=\"40cc5ac1\" data-element_type=\"section\" data-e-type=\"section\" data-settings=\"{&quot;background_background&quot;:&quot;classic&quot;}\">\n\t\t\t\t\t\t<div class=\"elementor-container elementor-column-gap-no\">\n\t\t\t\t\t<div class=\"elementor-column elementor-col-50 elementor-top-column elementor-element elementor-element-1681acbe\" data-id=\"1681acbe\" data-element_type=\"column\" data-e-type=\"column\">\n\t\t\t<div class=\"elementor-widget-wrap elementor-element-populated\">\n\t\t\t\t\t\t<div class=\"elementor-element elementor-element-137f44d elementor-widget elementor-widget-heading\" data-id=\"137f44d\" data-element_type=\"widget\" data-e-type=\"widget\" data-widget_type=\"heading.default\">\n\t\t\t\t<div class=\"elementor-widget-container\">\n\t\t\t\t\t<h2 class=\"elementor-heading-title elementor-size-default\">Desarrollo de oleoductos<\/h2>\t\t\t\t<\/div>\n\t\t\t\t<\/div>\n\t\t\t\t<div class=\"elementor-element elementor-element-3810412d elementor-widget elementor-widget-text-editor\" data-id=\"3810412d\" data-element_type=\"widget\" data-e-type=\"widget\" data-widget_type=\"text-editor.default\">\n\t\t\t\t<div class=\"elementor-widget-container\">\n\t\t\t\t\t\t\t\t\t<p>Trabajamos en colaboraci\u00f3n con usted para mapear el recorrido de su cliente e integrarlo en la pila tecnol\u00f3gica.<\/p>\t\t\t\t\t\t\t\t<\/div>\n\t\t\t\t<\/div>\n\t\t\t\t\t<\/div>\n\t\t<\/div>\n\t\t\t\t<div class=\"elementor-column elementor-col-50 elementor-top-column elementor-element elementor-element-5f7ed000\" data-id=\"5f7ed000\" data-element_type=\"column\" data-e-type=\"column\">\n\t\t\t<div class=\"elementor-widget-wrap elementor-element-populated\">\n\t\t\t\t\t\t<div class=\"elementor-element elementor-element-5c9e1d1a elementor-widget elementor-widget-image\" data-id=\"5c9e1d1a\" data-element_type=\"widget\" data-e-type=\"widget\" data-widget_type=\"image.default\">\n\t\t\t\t<div class=\"elementor-widget-container\">\n\t\t\t\t\t\t\t\t\t\t\t\t\t\t\t<img decoding=\"async\" width=\"800\" height=\"534\" src=\"https:\/\/leadnectar.net\/wp-content\/uploads\/2022\/10\/AdobeStock_462243483-1024x683.jpeg\" class=\"attachment-large size-large wp-image-610\" alt=\"\" srcset=\"https:\/\/leadnectar.net\/wp-content\/uploads\/2022\/10\/AdobeStock_462243483-1024x683.jpeg 1024w, https:\/\/leadnectar.net\/wp-content\/uploads\/2022\/10\/AdobeStock_462243483-300x200.jpeg 300w, https:\/\/leadnectar.net\/wp-content\/uploads\/2022\/10\/AdobeStock_462243483-768x512.jpeg 768w, https:\/\/leadnectar.net\/wp-content\/uploads\/2022\/10\/AdobeStock_462243483-1536x1024.jpeg 1536w, https:\/\/leadnectar.net\/wp-content\/uploads\/2022\/10\/AdobeStock_462243483-2048x1365.jpeg 2048w\" sizes=\"(max-width: 800px) 100vw, 800px\" \/>\t\t\t\t\t\t\t\t\t\t\t\t\t\t\t<\/div>\n\t\t\t\t<\/div>\n\t\t\t\t\t<\/div>\n\t\t<\/div>\n\t\t\t\t\t<\/div>\n\t\t<\/section>\n\t\t\t\t<section class=\"elementor-section elementor-top-section elementor-element elementor-element-6dee1bf8 elementor-section-content-middle elementor-section-full_width elementor-reverse-mobile elementor-section-height-default elementor-section-height-default\" data-id=\"6dee1bf8\" data-element_type=\"section\" data-e-type=\"section\" data-settings=\"{&quot;background_background&quot;:&quot;classic&quot;}\">\n\t\t\t\t\t\t<div class=\"elementor-container elementor-column-gap-no\">\n\t\t\t\t\t<div class=\"elementor-column elementor-col-50 elementor-top-column elementor-element elementor-element-2f48081c\" data-id=\"2f48081c\" data-element_type=\"column\" data-e-type=\"column\">\n\t\t\t<div class=\"elementor-widget-wrap elementor-element-populated\">\n\t\t\t\t\t\t<div class=\"elementor-element elementor-element-4ae5b1c6 elementor-widget elementor-widget-image\" data-id=\"4ae5b1c6\" data-element_type=\"widget\" data-e-type=\"widget\" data-widget_type=\"image.default\">\n\t\t\t\t<div class=\"elementor-widget-container\">\n\t\t\t\t\t\t\t\t\t\t\t\t\t\t\t<img decoding=\"async\" width=\"800\" height=\"343\" src=\"https:\/\/leadnectar.net\/wp-content\/uploads\/2022\/10\/AdobeStock_442153928-1024x439.jpeg\" class=\"attachment-large size-large wp-image-612\" alt=\"\" srcset=\"https:\/\/leadnectar.net\/wp-content\/uploads\/2022\/10\/AdobeStock_442153928-1024x439.jpeg 1024w, https:\/\/leadnectar.net\/wp-content\/uploads\/2022\/10\/AdobeStock_442153928-300x129.jpeg 300w, https:\/\/leadnectar.net\/wp-content\/uploads\/2022\/10\/AdobeStock_442153928-768x329.jpeg 768w, https:\/\/leadnectar.net\/wp-content\/uploads\/2022\/10\/AdobeStock_442153928-1536x658.jpeg 1536w, https:\/\/leadnectar.net\/wp-content\/uploads\/2022\/10\/AdobeStock_442153928-2048x878.jpeg 2048w\" sizes=\"(max-width: 800px) 100vw, 800px\" \/>\t\t\t\t\t\t\t\t\t\t\t\t\t\t\t<\/div>\n\t\t\t\t<\/div>\n\t\t\t\t\t<\/div>\n\t\t<\/div>\n\t\t\t\t<div class=\"elementor-column elementor-col-50 elementor-top-column elementor-element elementor-element-53954d91\" data-id=\"53954d91\" data-element_type=\"column\" data-e-type=\"column\">\n\t\t\t<div class=\"elementor-widget-wrap elementor-element-populated\">\n\t\t\t\t\t\t<div class=\"elementor-element elementor-element-1141de5a elementor-widget elementor-widget-heading\" data-id=\"1141de5a\" data-element_type=\"widget\" data-e-type=\"widget\" data-widget_type=\"heading.default\">\n\t\t\t\t<div class=\"elementor-widget-container\">\n\t\t\t\t\t<h2 class=\"elementor-heading-title elementor-size-default\">Implementaci\u00f3n<\/h2>\t\t\t\t<\/div>\n\t\t\t\t<\/div>\n\t\t\t\t<div class=\"elementor-element elementor-element-2aa06662 elementor-widget elementor-widget-text-editor\" data-id=\"2aa06662\" data-element_type=\"widget\" data-e-type=\"widget\" data-widget_type=\"text-editor.default\">\n\t\t\t\t<div class=\"elementor-widget-container\">\n\t\t\t\t\t\t\t\t\t<p>Estrategias de implementaci\u00f3n para incorporar a su equipo al sistema CRM.<\/p>\t\t\t\t\t\t\t\t<\/div>\n\t\t\t\t<\/div>\n\t\t\t\t\t<\/div>\n\t\t<\/div>\n\t\t\t\t\t<\/div>\n\t\t<\/section>\n\t\t\t\t<section class=\"elementor-section elementor-top-section elementor-element elementor-element-56543d73 elementor-section-content-middle elementor-section-full_width elementor-section-height-default elementor-section-height-default\" data-id=\"56543d73\" data-element_type=\"section\" data-e-type=\"section\" data-settings=\"{&quot;background_background&quot;:&quot;classic&quot;}\">\n\t\t\t\t\t\t<div class=\"elementor-container elementor-column-gap-no\">\n\t\t\t\t\t<div class=\"elementor-column elementor-col-50 elementor-top-column elementor-element elementor-element-10f757a0\" data-id=\"10f757a0\" data-element_type=\"column\" data-e-type=\"column\">\n\t\t\t<div class=\"elementor-widget-wrap elementor-element-populated\">\n\t\t\t\t\t\t<div class=\"elementor-element elementor-element-73aaf6df elementor-widget elementor-widget-heading\" data-id=\"73aaf6df\" data-element_type=\"widget\" data-e-type=\"widget\" data-widget_type=\"heading.default\">\n\t\t\t\t<div class=\"elementor-widget-container\">\n\t\t\t\t\t<h2 class=\"elementor-heading-title elementor-size-default\">Flujos de trabajo optimizados<\/h2>\t\t\t\t<\/div>\n\t\t\t\t<\/div>\n\t\t\t\t<div class=\"elementor-element elementor-element-1719d679 elementor-widget elementor-widget-text-editor\" data-id=\"1719d679\" data-element_type=\"widget\" data-e-type=\"widget\" data-widget_type=\"text-editor.default\">\n\t\t\t\t<div class=\"elementor-widget-container\">\n\t\t\t\t\t\t\t\t\t<p>Creaci\u00f3n de flujos de trabajo personalizados para automatizar sus procesos.<\/p><p>\u00a0<\/p>\t\t\t\t\t\t\t\t<\/div>\n\t\t\t\t<\/div>\n\t\t\t\t\t<\/div>\n\t\t<\/div>\n\t\t\t\t<div class=\"elementor-column elementor-col-50 elementor-top-column elementor-element elementor-element-7d7e1d64\" data-id=\"7d7e1d64\" data-element_type=\"column\" data-e-type=\"column\">\n\t\t\t<div class=\"elementor-widget-wrap elementor-element-populated\">\n\t\t\t\t\t\t<div class=\"elementor-element elementor-element-624f747f elementor-widget elementor-widget-image\" data-id=\"624f747f\" data-element_type=\"widget\" data-e-type=\"widget\" data-widget_type=\"image.default\">\n\t\t\t\t<div class=\"elementor-widget-container\">\n\t\t\t\t\t\t\t\t\t\t\t\t\t\t\t<img loading=\"lazy\" decoding=\"async\" width=\"800\" height=\"371\" src=\"https:\/\/leadnectar.net\/wp-content\/uploads\/2022\/10\/automation-1024x475.jpeg\" class=\"attachment-large size-large wp-image-613\" alt=\"\" srcset=\"https:\/\/leadnectar.net\/wp-content\/uploads\/2022\/10\/automation-1024x475.jpeg 1024w, https:\/\/leadnectar.net\/wp-content\/uploads\/2022\/10\/automation-300x139.jpeg 300w, https:\/\/leadnectar.net\/wp-content\/uploads\/2022\/10\/automation-768x357.jpeg 768w, https:\/\/leadnectar.net\/wp-content\/uploads\/2022\/10\/automation-1536x713.jpeg 1536w, https:\/\/leadnectar.net\/wp-content\/uploads\/2022\/10\/automation-2048x951.jpeg 2048w\" sizes=\"(max-width: 800px) 100vw, 800px\" \/>\t\t\t\t\t\t\t\t\t\t\t\t\t\t\t<\/div>\n\t\t\t\t<\/div>\n\t\t\t\t\t<\/div>\n\t\t<\/div>\n\t\t\t\t\t<\/div>\n\t\t<\/section>\n\t\t\t\t<\/div>","protected":false},"excerpt":{"rendered":"<p>CRM Construir una arquitectura de ventas que permita escalar las empresas. Desarrollo de canalizaciones Trabajamos en colaboraci\u00f3n con usted para mapear el recorrido de su cliente e integrarlo en la pila tecnol\u00f3gica. Implementaci\u00f3n Estrategias de implementaci\u00f3n para incorporar a su equipo al sistema CRM. Flujos de trabajo optimizados Creaci\u00f3n de flujos de trabajo personalizados para automatizar sus procesos. \u00a0<\/p>","protected":false},"author":849,"featured_media":0,"parent":0,"menu_order":0,"comment_status":"closed","ping_status":"closed","template":"","meta":{"content-type":"","_uf_show_specific_survey":0,"_uf_disable_surveys":false,"footnotes":""},"class_list":["post-596","page","type-page","status-publish","hentry"],"aioseo_notices":[],"_links":{"self":[{"href":"https:\/\/leadnectar.net\/es\/wp-json\/wp\/v2\/pages\/596","targetHints":{"allow":["GET"]}}],"collection":[{"href":"https:\/\/leadnectar.net\/es\/wp-json\/wp\/v2\/pages"}],"about":[{"href":"https:\/\/leadnectar.net\/es\/wp-json\/wp\/v2\/types\/page"}],"author":[{"embeddable":true,"href":"https:\/\/leadnectar.net\/es\/wp-json\/wp\/v2\/users\/849"}],"replies":[{"embeddable":true,"href":"https:\/\/leadnectar.net\/es\/wp-json\/wp\/v2\/comments?post=596"}],"version-history":[{"count":42,"href":"https:\/\/leadnectar.net\/es\/wp-json\/wp\/v2\/pages\/596\/revisions"}],"predecessor-version":[{"id":2390,"href":"https:\/\/leadnectar.net\/es\/wp-json\/wp\/v2\/pages\/596\/revisions\/2390"}],"wp:attachment":[{"href":"https:\/\/leadnectar.net\/es\/wp-json\/wp\/v2\/media?parent=596"}],"curies":[{"name":"wp","href":"https:\/\/api.w.org\/{rel}","templated":true}]}}