{"id":719,"date":"2022-10-23T18:28:51","date_gmt":"2022-10-23T18:28:51","guid":{"rendered":"https:\/\/leadnectar.net\/?page_id=719"},"modified":"2022-10-24T17:15:48","modified_gmt":"2022-10-24T17:15:48","slug":"consulting","status":"publish","type":"page","link":"https:\/\/leadnectar.net\/es\/consulting\/","title":{"rendered":"Consultante"},"content":{"rendered":"<div data-elementor-type=\"wp-page\" data-elementor-id=\"719\" class=\"elementor elementor-719\" data-elementor-post-type=\"page\">\n\t\t\t\t\t\t<section class=\"elementor-section elementor-top-section elementor-element elementor-element-6fe8e696 elementor-section-content-middle elementor-section-full_width elementor-section-height-default elementor-section-height-default\" data-id=\"6fe8e696\" data-element_type=\"section\" data-e-type=\"section\" data-settings=\"{&quot;background_background&quot;:&quot;classic&quot;}\">\n\t\t\t\t\t\t<div class=\"elementor-container elementor-column-gap-no\">\n\t\t\t\t\t<div class=\"elementor-column elementor-col-50 elementor-top-column elementor-element elementor-element-24f1c67a\" data-id=\"24f1c67a\" data-element_type=\"column\" data-e-type=\"column\">\n\t\t\t<div class=\"elementor-widget-wrap elementor-element-populated\">\n\t\t\t\t\t\t<div class=\"elementor-element elementor-element-79b88533 elementor-widget elementor-widget-heading\" data-id=\"79b88533\" data-element_type=\"widget\" data-e-type=\"widget\" data-widget_type=\"heading.default\">\n\t\t\t\t<div class=\"elementor-widget-container\">\n\t\t\t\t\t<h1 class=\"elementor-heading-title elementor-size-default\">Consultante<\/h1>\t\t\t\t<\/div>\n\t\t\t\t<\/div>\n\t\t\t\t<div class=\"elementor-element elementor-element-1cccab2b elementor-widget elementor-widget-text-editor\" data-id=\"1cccab2b\" data-element_type=\"widget\" data-e-type=\"widget\" data-widget_type=\"text-editor.default\">\n\t\t\t\t<div class=\"elementor-widget-container\">\n\t\t\t\t\t\t\t\t\t<p>Trabajar en estrecha colaboraci\u00f3n con ejecutivos para planificar y ejecutar estrategias transformacionales.\u00a0<\/p>\t\t\t\t\t\t\t\t<\/div>\n\t\t\t\t<\/div>\n\t\t\t\t\t<\/div>\n\t\t<\/div>\n\t\t\t\t<div class=\"elementor-column elementor-col-50 elementor-top-column elementor-element elementor-element-3bede22\" data-id=\"3bede22\" data-element_type=\"column\" data-e-type=\"column\">\n\t\t\t<div class=\"elementor-widget-wrap elementor-element-populated\">\n\t\t\t\t\t\t<div class=\"elementor-element elementor-element-6d740565 elementor-widget elementor-widget-image\" data-id=\"6d740565\" data-element_type=\"widget\" data-e-type=\"widget\" data-widget_type=\"image.default\">\n\t\t\t\t<div class=\"elementor-widget-container\">\n\t\t\t\t\t\t\t\t\t\t\t\t\t\t\t<img fetchpriority=\"high\" decoding=\"async\" width=\"800\" height=\"426\" src=\"https:\/\/leadnectar.net\/wp-content\/uploads\/2022\/10\/ecommerce-graphic-1024x545.jpeg\" class=\"attachment-large size-large wp-image-658\" alt=\"ecommerce graphic\" srcset=\"https:\/\/leadnectar.net\/wp-content\/uploads\/2022\/10\/ecommerce-graphic-1024x545.jpeg 1024w, https:\/\/leadnectar.net\/wp-content\/uploads\/2022\/10\/ecommerce-graphic-300x160.jpeg 300w, https:\/\/leadnectar.net\/wp-content\/uploads\/2022\/10\/ecommerce-graphic-768x409.jpeg 768w, https:\/\/leadnectar.net\/wp-content\/uploads\/2022\/10\/ecommerce-graphic-1536x817.jpeg 1536w, https:\/\/leadnectar.net\/wp-content\/uploads\/2022\/10\/ecommerce-graphic-2048x1090.jpeg 2048w\" sizes=\"(max-width: 800px) 100vw, 800px\" \/>\t\t\t\t\t\t\t\t\t\t\t\t\t\t\t<\/div>\n\t\t\t\t<\/div>\n\t\t\t\t\t<\/div>\n\t\t<\/div>\n\t\t\t\t\t<\/div>\n\t\t<\/section>\n\t\t\t\t<section class=\"elementor-section elementor-top-section elementor-element elementor-element-245d068e elementor-section-content-middle elementor-section-full_width elementor-section-height-default elementor-section-height-default\" data-id=\"245d068e\" data-element_type=\"section\" data-e-type=\"section\" data-settings=\"{&quot;background_background&quot;:&quot;classic&quot;}\">\n\t\t\t\t\t\t<div class=\"elementor-container elementor-column-gap-no\">\n\t\t\t\t\t<div class=\"elementor-column elementor-col-50 elementor-top-column elementor-element elementor-element-5681bbcc\" data-id=\"5681bbcc\" data-element_type=\"column\" data-e-type=\"column\">\n\t\t\t<div class=\"elementor-widget-wrap elementor-element-populated\">\n\t\t\t\t\t\t<div class=\"elementor-element elementor-element-6a8855c8 elementor-widget elementor-widget-heading\" data-id=\"6a8855c8\" data-element_type=\"widget\" data-e-type=\"widget\" data-widget_type=\"heading.default\">\n\t\t\t\t<div class=\"elementor-widget-container\">\n\t\t\t\t\t<h2 class=\"elementor-heading-title elementor-size-default\">Perspectiva unica<\/h2>\t\t\t\t<\/div>\n\t\t\t\t<\/div>\n\t\t\t\t<div class=\"elementor-element elementor-element-3ab1ad61 elementor-widget elementor-widget-text-editor\" data-id=\"3ab1ad61\" data-element_type=\"widget\" data-e-type=\"widget\" data-widget_type=\"text-editor.default\">\n\t\t\t\t<div class=\"elementor-widget-container\">\n\t\t\t\t\t\t\t\t\t<p>La experiencia de nuestro equipo en sectores verticales y tecnolog\u00edas nos brinda un punto de vista \u00fanico que no encontrar\u00e1 en otras agencias.\u00a0<\/p>\t\t\t\t\t\t\t\t<\/div>\n\t\t\t\t<\/div>\n\t\t\t\t\t<\/div>\n\t\t<\/div>\n\t\t\t\t<div class=\"elementor-column elementor-col-50 elementor-top-column elementor-element elementor-element-61917238\" data-id=\"61917238\" data-element_type=\"column\" data-e-type=\"column\">\n\t\t\t<div class=\"elementor-widget-wrap elementor-element-populated\">\n\t\t\t\t\t\t<div class=\"elementor-element elementor-element-4521b80a elementor-widget elementor-widget-image\" data-id=\"4521b80a\" data-element_type=\"widget\" data-e-type=\"widget\" data-widget_type=\"image.default\">\n\t\t\t\t<div class=\"elementor-widget-container\">\n\t\t\t\t\t\t\t\t\t\t\t\t\t\t\t<img decoding=\"async\" width=\"800\" height=\"534\" src=\"https:\/\/leadnectar.net\/wp-content\/uploads\/2022\/10\/AdobeStock_164626491-1024x683.jpeg\" class=\"attachment-large size-large wp-image-588\" alt=\"Hummingbird\" srcset=\"https:\/\/leadnectar.net\/wp-content\/uploads\/2022\/10\/AdobeStock_164626491-1024x683.jpeg 1024w, https:\/\/leadnectar.net\/wp-content\/uploads\/2022\/10\/AdobeStock_164626491-300x200.jpeg 300w, https:\/\/leadnectar.net\/wp-content\/uploads\/2022\/10\/AdobeStock_164626491-768x512.jpeg 768w, https:\/\/leadnectar.net\/wp-content\/uploads\/2022\/10\/AdobeStock_164626491-1536x1024.jpeg 1536w, https:\/\/leadnectar.net\/wp-content\/uploads\/2022\/10\/AdobeStock_164626491-2048x1365.jpeg 2048w\" sizes=\"(max-width: 800px) 100vw, 800px\" \/>\t\t\t\t\t\t\t\t\t\t\t\t\t\t\t<\/div>\n\t\t\t\t<\/div>\n\t\t\t\t\t<\/div>\n\t\t<\/div>\n\t\t\t\t\t<\/div>\n\t\t<\/section>\n\t\t\t\t<section class=\"elementor-section elementor-top-section elementor-element elementor-element-6160ceea elementor-section-content-middle elementor-section-full_width elementor-reverse-mobile elementor-section-height-default elementor-section-height-default\" data-id=\"6160ceea\" data-element_type=\"section\" data-e-type=\"section\" data-settings=\"{&quot;background_background&quot;:&quot;classic&quot;}\">\n\t\t\t\t\t\t<div class=\"elementor-container elementor-column-gap-no\">\n\t\t\t\t\t<div class=\"elementor-column elementor-col-50 elementor-top-column elementor-element elementor-element-632bac9b\" data-id=\"632bac9b\" data-element_type=\"column\" data-e-type=\"column\">\n\t\t\t<div class=\"elementor-widget-wrap elementor-element-populated\">\n\t\t\t\t\t\t<div class=\"elementor-element elementor-element-64e28f27 elementor-widget elementor-widget-image\" data-id=\"64e28f27\" data-element_type=\"widget\" data-e-type=\"widget\" data-widget_type=\"image.default\">\n\t\t\t\t<div class=\"elementor-widget-container\">\n\t\t\t\t\t\t\t\t\t\t\t\t\t\t\t<img decoding=\"async\" width=\"800\" height=\"403\" src=\"https:\/\/leadnectar.net\/wp-content\/uploads\/2022\/10\/consulting-graphic-1024x516.jpeg\" class=\"attachment-large size-large wp-image-739\" alt=\"consulting graphic\" srcset=\"https:\/\/leadnectar.net\/wp-content\/uploads\/2022\/10\/consulting-graphic-1024x516.jpeg 1024w, https:\/\/leadnectar.net\/wp-content\/uploads\/2022\/10\/consulting-graphic-300x151.jpeg 300w, https:\/\/leadnectar.net\/wp-content\/uploads\/2022\/10\/consulting-graphic-768x387.jpeg 768w, https:\/\/leadnectar.net\/wp-content\/uploads\/2022\/10\/consulting-graphic-1536x775.jpeg 1536w, https:\/\/leadnectar.net\/wp-content\/uploads\/2022\/10\/consulting-graphic-2048x1033.jpeg 2048w\" sizes=\"(max-width: 800px) 100vw, 800px\" \/>\t\t\t\t\t\t\t\t\t\t\t\t\t\t\t<\/div>\n\t\t\t\t<\/div>\n\t\t\t\t\t<\/div>\n\t\t<\/div>\n\t\t\t\t<div class=\"elementor-column elementor-col-50 elementor-top-column elementor-element elementor-element-6561a4ad\" data-id=\"6561a4ad\" data-element_type=\"column\" data-e-type=\"column\">\n\t\t\t<div class=\"elementor-widget-wrap elementor-element-populated\">\n\t\t\t\t\t\t<div class=\"elementor-element elementor-element-559f831c elementor-widget elementor-widget-heading\" data-id=\"559f831c\" data-element_type=\"widget\" data-e-type=\"widget\" data-widget_type=\"heading.default\">\n\t\t\t\t<div class=\"elementor-widget-container\">\n\t\t\t\t\t<h2 class=\"elementor-heading-title elementor-size-default\">Experiencia interdisciplinaria<\/h2>\t\t\t\t<\/div>\n\t\t\t\t<\/div>\n\t\t\t\t<div class=\"elementor-element elementor-element-17303578 elementor-widget elementor-widget-text-editor\" data-id=\"17303578\" data-element_type=\"widget\" data-e-type=\"widget\" data-widget_type=\"text-editor.default\">\n\t\t\t\t<div class=\"elementor-widget-container\">\n\t\t\t\t\t\t\t\t\t<p>Hemos trabajado con empresas de los siguientes sectores:<\/p><ul><li>Banca de inversi\u00f3n<\/li><li>Corporaciones de Adquisici\u00f3n de Prop\u00f3sito Especial (SPAC)<\/li><li>Reg-Tech (tecnolog\u00eda regulatoria)<\/li><li>Fin-Tech (tecnolog\u00eda financiera)<\/li><li>Asesores financieros<\/li><li>Chefs Privados<\/li><li>Creadores de contenido<\/li><\/ul>\t\t\t\t\t\t\t\t<\/div>\n\t\t\t\t<\/div>\n\t\t\t\t\t<\/div>\n\t\t<\/div>\n\t\t\t\t\t<\/div>\n\t\t<\/section>\n\t\t\t\t<\/div>","protected":false},"excerpt":{"rendered":"<p>Consultor\u00eda Trabajar en estrecha colaboraci\u00f3n con ejecutivos para planificar y ejecutar estrategias transformacionales. Perspectiva \u00fanica La experiencia de nuestro equipo en sectores verticales y tecnolog\u00edas nos brinda un punto de vista \u00fanico que no encontrar\u00e1 en otras agencias. Experiencia interdisciplinaria Hemos trabajado con empresas de los siguientes sectores: Banca de inversi\u00f3n Corporaciones de adquisici\u00f3n con fines especiales (SPAC) Reg-Tech (tecnolog\u00eda regulatoria) Fin-Tech (financiera [\u2026]<\/p>","protected":false},"author":849,"featured_media":0,"parent":0,"menu_order":0,"comment_status":"closed","ping_status":"closed","template":"","meta":{"content-type":"","_uf_show_specific_survey":0,"_uf_disable_surveys":false,"footnotes":""},"class_list":["post-719","page","type-page","status-publish","hentry"],"aioseo_notices":[],"_links":{"self":[{"href":"https:\/\/leadnectar.net\/es\/wp-json\/wp\/v2\/pages\/719","targetHints":{"allow":["GET"]}}],"collection":[{"href":"https:\/\/leadnectar.net\/es\/wp-json\/wp\/v2\/pages"}],"about":[{"href":"https:\/\/leadnectar.net\/es\/wp-json\/wp\/v2\/types\/page"}],"author":[{"embeddable":true,"href":"https:\/\/leadnectar.net\/es\/wp-json\/wp\/v2\/users\/849"}],"replies":[{"embeddable":true,"href":"https:\/\/leadnectar.net\/es\/wp-json\/wp\/v2\/comments?post=719"}],"version-history":[{"count":22,"href":"https:\/\/leadnectar.net\/es\/wp-json\/wp\/v2\/pages\/719\/revisions"}],"predecessor-version":[{"id":925,"href":"https:\/\/leadnectar.net\/es\/wp-json\/wp\/v2\/pages\/719\/revisions\/925"}],"wp:attachment":[{"href":"https:\/\/leadnectar.net\/es\/wp-json\/wp\/v2\/media?parent=719"}],"curies":[{"name":"wp","href":"https:\/\/api.w.org\/{rel}","templated":true}]}}