{"id":743,"date":"2022-10-24T12:36:20","date_gmt":"2022-10-24T12:36:20","guid":{"rendered":"https:\/\/leadnectar.net\/?page_id=743"},"modified":"2022-10-24T13:16:29","modified_gmt":"2022-10-24T13:16:29","slug":"seo","status":"publish","type":"page","link":"https:\/\/leadnectar.net\/es\/seo\/","title":{"rendered":"SEO"},"content":{"rendered":"<div data-elementor-type=\"wp-page\" data-elementor-id=\"743\" class=\"elementor elementor-743\" data-elementor-post-type=\"page\">\n\t\t\t\t\t\t<section class=\"elementor-section elementor-top-section elementor-element elementor-element-789065b0 elementor-section-content-middle elementor-section-full_width elementor-section-height-default elementor-section-height-default\" data-id=\"789065b0\" data-element_type=\"section\" data-e-type=\"section\" data-settings=\"{&quot;background_background&quot;:&quot;classic&quot;}\">\n\t\t\t\t\t\t<div class=\"elementor-container elementor-column-gap-no\">\n\t\t\t\t\t<div class=\"elementor-column elementor-col-50 elementor-top-column elementor-element elementor-element-55bc8a\" data-id=\"55bc8a\" data-element_type=\"column\" data-e-type=\"column\">\n\t\t\t<div class=\"elementor-widget-wrap elementor-element-populated\">\n\t\t\t\t\t\t<div class=\"elementor-element elementor-element-78cebe0c elementor-widget elementor-widget-heading\" data-id=\"78cebe0c\" data-element_type=\"widget\" data-e-type=\"widget\" data-widget_type=\"heading.default\">\n\t\t\t\t<div class=\"elementor-widget-container\">\n\t\t\t\t\t<h1 class=\"elementor-heading-title elementor-size-default\">SEO<\/h1>\t\t\t\t<\/div>\n\t\t\t\t<\/div>\n\t\t\t\t<div class=\"elementor-element elementor-element-634c88cb elementor-widget elementor-widget-text-editor\" data-id=\"634c88cb\" data-element_type=\"widget\" data-e-type=\"widget\" data-widget_type=\"text-editor.default\">\n\t\t\t\t<div class=\"elementor-widget-container\">\n\t\t\t\t\t\t\t\t\t<p>Calidad en la generaci\u00f3n de leads.\u00a0<\/p>\t\t\t\t\t\t\t\t<\/div>\n\t\t\t\t<\/div>\n\t\t\t\t\t<\/div>\n\t\t<\/div>\n\t\t\t\t<div class=\"elementor-column elementor-col-50 elementor-top-column elementor-element elementor-element-163ce87\" data-id=\"163ce87\" data-element_type=\"column\" data-e-type=\"column\">\n\t\t\t<div class=\"elementor-widget-wrap elementor-element-populated\">\n\t\t\t\t\t\t<div class=\"elementor-element elementor-element-acc0659 elementor-widget elementor-widget-image\" data-id=\"acc0659\" data-element_type=\"widget\" data-e-type=\"widget\" data-widget_type=\"image.default\">\n\t\t\t\t<div class=\"elementor-widget-container\">\n\t\t\t\t\t\t\t\t\t\t\t\t\t\t\t<img fetchpriority=\"high\" decoding=\"async\" width=\"800\" height=\"477\" src=\"https:\/\/leadnectar.net\/wp-content\/uploads\/2022\/10\/seo-graphic-4-1024x611.jpeg\" class=\"attachment-large size-large wp-image-764\" alt=\"\" srcset=\"https:\/\/leadnectar.net\/wp-content\/uploads\/2022\/10\/seo-graphic-4-1024x611.jpeg 1024w, https:\/\/leadnectar.net\/wp-content\/uploads\/2022\/10\/seo-graphic-4-300x179.jpeg 300w, https:\/\/leadnectar.net\/wp-content\/uploads\/2022\/10\/seo-graphic-4-768x458.jpeg 768w, https:\/\/leadnectar.net\/wp-content\/uploads\/2022\/10\/seo-graphic-4-1536x916.jpeg 1536w, https:\/\/leadnectar.net\/wp-content\/uploads\/2022\/10\/seo-graphic-4-2048x1222.jpeg 2048w\" sizes=\"(max-width: 800px) 100vw, 800px\" \/>\t\t\t\t\t\t\t\t\t\t\t\t\t\t\t<\/div>\n\t\t\t\t<\/div>\n\t\t\t\t\t<\/div>\n\t\t<\/div>\n\t\t\t\t\t<\/div>\n\t\t<\/section>\n\t\t\t\t<section class=\"elementor-section elementor-top-section elementor-element elementor-element-66f4f2e4 elementor-section-content-middle elementor-section-full_width elementor-section-height-default elementor-section-height-default\" data-id=\"66f4f2e4\" data-element_type=\"section\" data-e-type=\"section\" data-settings=\"{&quot;background_background&quot;:&quot;classic&quot;}\">\n\t\t\t\t\t\t<div class=\"elementor-container elementor-column-gap-no\">\n\t\t\t\t\t<div class=\"elementor-column elementor-col-50 elementor-top-column elementor-element elementor-element-12db1282\" data-id=\"12db1282\" data-element_type=\"column\" data-e-type=\"column\">\n\t\t\t<div class=\"elementor-widget-wrap elementor-element-populated\">\n\t\t\t\t\t\t<div class=\"elementor-element elementor-element-11abaa43 elementor-widget elementor-widget-heading\" data-id=\"11abaa43\" data-element_type=\"widget\" data-e-type=\"widget\" data-widget_type=\"heading.default\">\n\t\t\t\t<div class=\"elementor-widget-container\">\n\t\t\t\t\t<h2 class=\"elementor-heading-title elementor-size-default\">Servicios<\/h2>\t\t\t\t<\/div>\n\t\t\t\t<\/div>\n\t\t\t\t<div class=\"elementor-element elementor-element-2a9d36c4 elementor-widget elementor-widget-text-editor\" data-id=\"2a9d36c4\" data-element_type=\"widget\" data-e-type=\"widget\" data-widget_type=\"text-editor.default\">\n\t\t\t\t<div class=\"elementor-widget-container\">\n\t\t\t\t\t\t\t\t\t<p>Auditor\u00eda SEO, estrategia SEO, investigaci\u00f3n de palabras clave, an\u00e1lisis competitivo de sitios web, optimizaci\u00f3n on-site y on-page.<\/p>\t\t\t\t\t\t\t\t<\/div>\n\t\t\t\t<\/div>\n\t\t\t\t\t<\/div>\n\t\t<\/div>\n\t\t\t\t<div class=\"elementor-column elementor-col-50 elementor-top-column elementor-element elementor-element-3a2fa14a\" data-id=\"3a2fa14a\" data-element_type=\"column\" data-e-type=\"column\">\n\t\t\t<div class=\"elementor-widget-wrap elementor-element-populated\">\n\t\t\t\t\t\t<div class=\"elementor-element elementor-element-535c5a85 elementor-widget elementor-widget-image\" data-id=\"535c5a85\" data-element_type=\"widget\" data-e-type=\"widget\" data-widget_type=\"image.default\">\n\t\t\t\t<div class=\"elementor-widget-container\">\n\t\t\t\t\t\t\t\t\t\t\t\t\t\t\t<img decoding=\"async\" width=\"800\" height=\"466\" src=\"https:\/\/leadnectar.net\/wp-content\/uploads\/2022\/10\/seo-graphic-3-1024x597.jpeg\" class=\"attachment-large size-large wp-image-763\" alt=\"seo graphic\" srcset=\"https:\/\/leadnectar.net\/wp-content\/uploads\/2022\/10\/seo-graphic-3-1024x597.jpeg 1024w, https:\/\/leadnectar.net\/wp-content\/uploads\/2022\/10\/seo-graphic-3-300x175.jpeg 300w, https:\/\/leadnectar.net\/wp-content\/uploads\/2022\/10\/seo-graphic-3-768x448.jpeg 768w, https:\/\/leadnectar.net\/wp-content\/uploads\/2022\/10\/seo-graphic-3-1536x895.jpeg 1536w, https:\/\/leadnectar.net\/wp-content\/uploads\/2022\/10\/seo-graphic-3-2048x1193.jpeg 2048w\" sizes=\"(max-width: 800px) 100vw, 800px\" \/>\t\t\t\t\t\t\t\t\t\t\t\t\t\t\t<\/div>\n\t\t\t\t<\/div>\n\t\t\t\t\t<\/div>\n\t\t<\/div>\n\t\t\t\t\t<\/div>\n\t\t<\/section>\n\t\t\t\t<section class=\"elementor-section elementor-top-section elementor-element elementor-element-2d12dddc elementor-section-content-middle elementor-section-full_width elementor-reverse-mobile elementor-section-height-default elementor-section-height-default\" data-id=\"2d12dddc\" data-element_type=\"section\" data-e-type=\"section\" data-settings=\"{&quot;background_background&quot;:&quot;classic&quot;}\">\n\t\t\t\t\t\t<div class=\"elementor-container elementor-column-gap-no\">\n\t\t\t\t\t<div class=\"elementor-column elementor-col-50 elementor-top-column elementor-element elementor-element-1aa76059\" data-id=\"1aa76059\" data-element_type=\"column\" data-e-type=\"column\">\n\t\t\t<div class=\"elementor-widget-wrap elementor-element-populated\">\n\t\t\t\t\t\t<div class=\"elementor-element elementor-element-29f39b3b elementor-widget elementor-widget-image\" data-id=\"29f39b3b\" data-element_type=\"widget\" data-e-type=\"widget\" data-widget_type=\"image.default\">\n\t\t\t\t<div class=\"elementor-widget-container\">\n\t\t\t\t\t\t\t\t\t\t\t\t\t\t\t<img decoding=\"async\" width=\"800\" height=\"562\" src=\"https:\/\/leadnectar.net\/wp-content\/uploads\/2022\/10\/ecommerce-girl-1024x719.jpeg\" class=\"attachment-large size-large wp-image-683\" alt=\"\" srcset=\"https:\/\/leadnectar.net\/wp-content\/uploads\/2022\/10\/ecommerce-girl-1024x719.jpeg 1024w, https:\/\/leadnectar.net\/wp-content\/uploads\/2022\/10\/ecommerce-girl-300x211.jpeg 300w, https:\/\/leadnectar.net\/wp-content\/uploads\/2022\/10\/ecommerce-girl-768x539.jpeg 768w, https:\/\/leadnectar.net\/wp-content\/uploads\/2022\/10\/ecommerce-girl-1536x1079.jpeg 1536w, https:\/\/leadnectar.net\/wp-content\/uploads\/2022\/10\/ecommerce-girl-2048x1438.jpeg 2048w\" sizes=\"(max-width: 800px) 100vw, 800px\" \/>\t\t\t\t\t\t\t\t\t\t\t\t\t\t\t<\/div>\n\t\t\t\t<\/div>\n\t\t\t\t\t<\/div>\n\t\t<\/div>\n\t\t\t\t<div class=\"elementor-column elementor-col-50 elementor-top-column elementor-element elementor-element-7e6ae372\" data-id=\"7e6ae372\" data-element_type=\"column\" data-e-type=\"column\">\n\t\t\t<div class=\"elementor-widget-wrap elementor-element-populated\">\n\t\t\t\t\t\t<div class=\"elementor-element elementor-element-739627c0 elementor-widget elementor-widget-heading\" data-id=\"739627c0\" data-element_type=\"widget\" data-e-type=\"widget\" data-widget_type=\"heading.default\">\n\t\t\t\t<div class=\"elementor-widget-container\">\n\t\t\t\t\t<h2 class=\"elementor-heading-title elementor-size-default\">Importancia del SEO<\/h2>\t\t\t\t<\/div>\n\t\t\t\t<\/div>\n\t\t\t\t<div class=\"elementor-element elementor-element-4a0a5a33 elementor-widget elementor-widget-text-editor\" data-id=\"4a0a5a33\" data-element_type=\"widget\" data-e-type=\"widget\" data-widget_type=\"text-editor.default\">\n\t\t\t\t<div class=\"elementor-widget-container\">\n\t\t\t\t\t\t\t\t\t<ul><li>Econ\u00f3mico<\/li><li>Genera tr\u00e1fico<\/li><li>Compradores motivados<\/li><li>Geo localizaci\u00f3n<\/li><li>Marca y visibilidad<\/li><li>Monitoreo de datos enriquecidos<\/li><\/ul>\t\t\t\t\t\t\t\t<\/div>\n\t\t\t\t<\/div>\n\t\t\t\t\t<\/div>\n\t\t<\/div>\n\t\t\t\t\t<\/div>\n\t\t<\/section>\n\t\t\t\t<section class=\"elementor-section elementor-top-section elementor-element elementor-element-5e63fdfb elementor-section-content-middle elementor-section-full_width elementor-section-height-default elementor-section-height-default\" data-id=\"5e63fdfb\" data-element_type=\"section\" data-e-type=\"section\" data-settings=\"{&quot;background_background&quot;:&quot;classic&quot;}\">\n\t\t\t\t\t\t<div class=\"elementor-container elementor-column-gap-no\">\n\t\t\t\t\t<div class=\"elementor-column elementor-col-50 elementor-top-column elementor-element elementor-element-4febd990\" data-id=\"4febd990\" data-element_type=\"column\" data-e-type=\"column\">\n\t\t\t<div class=\"elementor-widget-wrap elementor-element-populated\">\n\t\t\t\t\t\t<div class=\"elementor-element elementor-element-266fe597 elementor-widget elementor-widget-heading\" data-id=\"266fe597\" data-element_type=\"widget\" data-e-type=\"widget\" data-widget_type=\"heading.default\">\n\t\t\t\t<div class=\"elementor-widget-container\">\n\t\t\t\t\t<h2 class=\"elementor-heading-title elementor-size-default\">Enfoque \u00fanico<\/h2>\t\t\t\t<\/div>\n\t\t\t\t<\/div>\n\t\t\t\t<div class=\"elementor-element elementor-element-7cb51208 elementor-widget elementor-widget-text-editor\" data-id=\"7cb51208\" data-element_type=\"widget\" data-e-type=\"widget\" data-widget_type=\"text-editor.default\">\n\t\t\t\t<div class=\"elementor-widget-container\">\n\t\t\t\t\t\t\t\t\t<p>Integramos su SEO con su estrategia m\u00e1s amplia porque, a diferencia de muchas otras agencias, lo entendemos.\u00a0<\/p>\t\t\t\t\t\t\t\t<\/div>\n\t\t\t\t<\/div>\n\t\t\t\t\t<\/div>\n\t\t<\/div>\n\t\t\t\t<div class=\"elementor-column elementor-col-50 elementor-top-column elementor-element elementor-element-2966a9c8\" data-id=\"2966a9c8\" data-element_type=\"column\" data-e-type=\"column\">\n\t\t\t<div class=\"elementor-widget-wrap elementor-element-populated\">\n\t\t\t\t\t\t<div class=\"elementor-element elementor-element-66077199 elementor-widget elementor-widget-image\" data-id=\"66077199\" data-element_type=\"widget\" data-e-type=\"widget\" data-widget_type=\"image.default\">\n\t\t\t\t<div class=\"elementor-widget-container\">\n\t\t\t\t\t\t\t\t\t\t\t\t\t\t\t<img loading=\"lazy\" decoding=\"async\" width=\"800\" height=\"534\" src=\"https:\/\/leadnectar.net\/wp-content\/uploads\/2022\/10\/AdobeStock_280874174-1024x683.jpeg\" class=\"attachment-large size-large wp-image-267\" alt=\"Business Strategy Image\" srcset=\"https:\/\/leadnectar.net\/wp-content\/uploads\/2022\/10\/AdobeStock_280874174-1024x683.jpeg 1024w, https:\/\/leadnectar.net\/wp-content\/uploads\/2022\/10\/AdobeStock_280874174-300x200.jpeg 300w, https:\/\/leadnectar.net\/wp-content\/uploads\/2022\/10\/AdobeStock_280874174-768x512.jpeg 768w, https:\/\/leadnectar.net\/wp-content\/uploads\/2022\/10\/AdobeStock_280874174-1536x1025.jpeg 1536w, https:\/\/leadnectar.net\/wp-content\/uploads\/2022\/10\/AdobeStock_280874174-2048x1366.jpeg 2048w\" sizes=\"(max-width: 800px) 100vw, 800px\" \/>\t\t\t\t\t\t\t\t\t\t\t\t\t\t\t<\/div>\n\t\t\t\t<\/div>\n\t\t\t\t\t<\/div>\n\t\t<\/div>\n\t\t\t\t\t<\/div>\n\t\t<\/section>\n\t\t\t\t<\/div>","protected":false},"excerpt":{"rendered":"<p>Calidad SEO en la generaci\u00f3n de leads. Servicios Auditor\u00eda SEO, estrategia SEO, investigaci\u00f3n de palabras clave, an\u00e1lisis competitivo de sitios web, optimizaci\u00f3n on-site y on-page. Importancia del SEO Rentable Genera tr\u00e1fico Compradores motivados Orientaci\u00f3n geogr\u00e1fica Marca y visibilidad Monitoreo de datos enriquecidos Enfoque \u00fanico Integramos su SEO con su estrategia m\u00e1s amplia porque, a diferencia de muchas otras agencias, lo entendemos.\u00a0<\/p>","protected":false},"author":849,"featured_media":0,"parent":0,"menu_order":0,"comment_status":"closed","ping_status":"closed","template":"","meta":{"content-type":"","_uf_show_specific_survey":0,"_uf_disable_surveys":false,"footnotes":""},"class_list":["post-743","page","type-page","status-publish","hentry"],"aioseo_notices":[],"_links":{"self":[{"href":"https:\/\/leadnectar.net\/es\/wp-json\/wp\/v2\/pages\/743","targetHints":{"allow":["GET"]}}],"collection":[{"href":"https:\/\/leadnectar.net\/es\/wp-json\/wp\/v2\/pages"}],"about":[{"href":"https:\/\/leadnectar.net\/es\/wp-json\/wp\/v2\/types\/page"}],"author":[{"embeddable":true,"href":"https:\/\/leadnectar.net\/es\/wp-json\/wp\/v2\/users\/849"}],"replies":[{"embeddable":true,"href":"https:\/\/leadnectar.net\/es\/wp-json\/wp\/v2\/comments?post=743"}],"version-history":[{"count":16,"href":"https:\/\/leadnectar.net\/es\/wp-json\/wp\/v2\/pages\/743\/revisions"}],"predecessor-version":[{"id":771,"href":"https:\/\/leadnectar.net\/es\/wp-json\/wp\/v2\/pages\/743\/revisions\/771"}],"wp:attachment":[{"href":"https:\/\/leadnectar.net\/es\/wp-json\/wp\/v2\/media?parent=743"}],"curies":[{"name":"wp","href":"https:\/\/api.w.org\/{rel}","templated":true}]}}