{"id":772,"date":"2022-10-24T13:35:33","date_gmt":"2022-10-24T13:35:33","guid":{"rendered":"https:\/\/leadnectar.net\/?page_id=772"},"modified":"2022-11-18T17:17:42","modified_gmt":"2022-11-18T22:17:42","slug":"linkedin","status":"publish","type":"page","link":"https:\/\/leadnectar.net\/es\/linkedin\/","title":{"rendered":"Marketing en Redes Sociales"},"content":{"rendered":"<div data-elementor-type=\"wp-page\" data-elementor-id=\"772\" class=\"elementor elementor-772\" data-elementor-post-type=\"page\">\n\t\t\t\t\t\t<section class=\"elementor-section elementor-top-section elementor-element elementor-element-24d00986 elementor-section-content-middle elementor-section-full_width elementor-section-height-default elementor-section-height-default\" data-id=\"24d00986\" data-element_type=\"section\" data-e-type=\"section\" data-settings=\"{&quot;background_background&quot;:&quot;classic&quot;}\">\n\t\t\t\t\t\t<div class=\"elementor-container elementor-column-gap-no\">\n\t\t\t\t\t<div class=\"elementor-column elementor-col-50 elementor-top-column elementor-element elementor-element-290ed86\" data-id=\"290ed86\" data-element_type=\"column\" data-e-type=\"column\">\n\t\t\t<div class=\"elementor-widget-wrap elementor-element-populated\">\n\t\t\t\t\t\t<div class=\"elementor-element elementor-element-94ed6b3 elementor-widget elementor-widget-heading\" data-id=\"94ed6b3\" data-element_type=\"widget\" data-e-type=\"widget\" data-widget_type=\"heading.default\">\n\t\t\t\t<div class=\"elementor-widget-container\">\n\t\t\t\t\t<h1 class=\"elementor-heading-title elementor-size-default\">Marketing de Linkedin<\/h1>\t\t\t\t<\/div>\n\t\t\t\t<\/div>\n\t\t\t\t<div class=\"elementor-element elementor-element-334d381 elementor-widget elementor-widget-text-editor\" data-id=\"334d381\" data-element_type=\"widget\" data-e-type=\"widget\" data-widget_type=\"text-editor.default\">\n\t\t\t\t<div class=\"elementor-widget-container\">\n\t\t\t\t\t\t\t\t\t<p>Encuentre, con\u00e9ctese e interact\u00fae con sus clientes ideales en la plataforma de redes sociales profesional l\u00edder.\u00a0<\/p>\t\t\t\t\t\t\t\t<\/div>\n\t\t\t\t<\/div>\n\t\t\t\t\t<\/div>\n\t\t<\/div>\n\t\t\t\t<div class=\"elementor-column elementor-col-50 elementor-top-column elementor-element elementor-element-17d2d1ef\" data-id=\"17d2d1ef\" data-element_type=\"column\" data-e-type=\"column\">\n\t\t\t<div class=\"elementor-widget-wrap elementor-element-populated\">\n\t\t\t\t\t\t<div class=\"elementor-element elementor-element-2d10293c elementor-widget elementor-widget-image\" data-id=\"2d10293c\" data-element_type=\"widget\" data-e-type=\"widget\" data-widget_type=\"image.default\">\n\t\t\t\t<div class=\"elementor-widget-container\">\n\t\t\t\t\t\t\t\t\t\t\t\t\t\t\t<img fetchpriority=\"high\" decoding=\"async\" width=\"800\" height=\"363\" src=\"https:\/\/leadnectar.net\/wp-content\/uploads\/2022\/10\/social-media-graphic-1024x465.jpeg\" class=\"attachment-large size-large wp-image-774\" alt=\"social media graphic\" srcset=\"https:\/\/leadnectar.net\/wp-content\/uploads\/2022\/10\/social-media-graphic-1024x465.jpeg 1024w, https:\/\/leadnectar.net\/wp-content\/uploads\/2022\/10\/social-media-graphic-300x136.jpeg 300w, https:\/\/leadnectar.net\/wp-content\/uploads\/2022\/10\/social-media-graphic-768x349.jpeg 768w, https:\/\/leadnectar.net\/wp-content\/uploads\/2022\/10\/social-media-graphic-1536x698.jpeg 1536w, https:\/\/leadnectar.net\/wp-content\/uploads\/2022\/10\/social-media-graphic-2048x931.jpeg 2048w\" sizes=\"(max-width: 800px) 100vw, 800px\" \/>\t\t\t\t\t\t\t\t\t\t\t\t\t\t\t<\/div>\n\t\t\t\t<\/div>\n\t\t\t\t\t<\/div>\n\t\t<\/div>\n\t\t\t\t\t<\/div>\n\t\t<\/section>\n\t\t\t\t<section class=\"elementor-section elementor-top-section elementor-element elementor-element-50bb366 elementor-section-content-middle elementor-section-full_width elementor-section-height-default elementor-section-height-default\" data-id=\"50bb366\" data-element_type=\"section\" data-e-type=\"section\" data-settings=\"{&quot;background_background&quot;:&quot;classic&quot;}\">\n\t\t\t\t\t\t<div class=\"elementor-container elementor-column-gap-no\">\n\t\t\t\t\t<div class=\"elementor-column elementor-col-50 elementor-top-column elementor-element elementor-element-7c45da2d\" data-id=\"7c45da2d\" data-element_type=\"column\" data-e-type=\"column\">\n\t\t\t<div class=\"elementor-widget-wrap elementor-element-populated\">\n\t\t\t\t\t\t<div class=\"elementor-element elementor-element-62f4f095 elementor-widget elementor-widget-heading\" data-id=\"62f4f095\" data-element_type=\"widget\" data-e-type=\"widget\" data-widget_type=\"heading.default\">\n\t\t\t\t<div class=\"elementor-widget-container\">\n\t\t\t\t\t<h2 class=\"elementor-heading-title elementor-size-default\">Servicios<\/h2>\t\t\t\t<\/div>\n\t\t\t\t<\/div>\n\t\t\t\t<div class=\"elementor-element elementor-element-667442ee elementor-widget elementor-widget-text-editor\" data-id=\"667442ee\" data-element_type=\"widget\" data-e-type=\"widget\" data-widget_type=\"text-editor.default\">\n\t\t\t\t<div class=\"elementor-widget-container\">\n\t\t\t\t\t\t\t\t\t<ul><li>Encuentre y con\u00e9ctese con miles de clientes potenciales calificados<\/li><li>Optimizaci\u00f3n de b\u00fasqueda de Sales Navigator<\/li><li>Auditor\u00eda de perfil y p\u00e1gina de empresa<\/li><li>Creaci\u00f3n\/cambio de imagen de perfil y p\u00e1gina de empresa<\/li><li>Marketing de contenidos<\/li><li>Administraci\u00f3n de cuentas<\/li><li>Haz crecer tus seguidores<\/li><li>Mayor compromiso<\/li><\/ul>\t\t\t\t\t\t\t\t<\/div>\n\t\t\t\t<\/div>\n\t\t\t\t\t<\/div>\n\t\t<\/div>\n\t\t\t\t<div class=\"elementor-column elementor-col-50 elementor-top-column elementor-element elementor-element-2499d145\" data-id=\"2499d145\" data-element_type=\"column\" data-e-type=\"column\">\n\t\t\t<div class=\"elementor-widget-wrap elementor-element-populated\">\n\t\t\t\t\t\t<div class=\"elementor-element elementor-element-191e1809 elementor-widget elementor-widget-image\" data-id=\"191e1809\" data-element_type=\"widget\" data-e-type=\"widget\" data-widget_type=\"image.default\">\n\t\t\t\t<div class=\"elementor-widget-container\">\n\t\t\t\t\t\t\t\t\t\t\t\t\t\t\t<img decoding=\"async\" width=\"800\" height=\"495\" src=\"https:\/\/leadnectar.net\/wp-content\/uploads\/2022\/10\/social-media-graphic-1-1024x634.jpeg\" class=\"attachment-large size-large wp-image-775\" alt=\"social media grpahic\" srcset=\"https:\/\/leadnectar.net\/wp-content\/uploads\/2022\/10\/social-media-graphic-1-1024x634.jpeg 1024w, https:\/\/leadnectar.net\/wp-content\/uploads\/2022\/10\/social-media-graphic-1-300x186.jpeg 300w, https:\/\/leadnectar.net\/wp-content\/uploads\/2022\/10\/social-media-graphic-1-768x476.jpeg 768w, https:\/\/leadnectar.net\/wp-content\/uploads\/2022\/10\/social-media-graphic-1-1536x951.jpeg 1536w, https:\/\/leadnectar.net\/wp-content\/uploads\/2022\/10\/social-media-graphic-1-2048x1269.jpeg 2048w\" sizes=\"(max-width: 800px) 100vw, 800px\" \/>\t\t\t\t\t\t\t\t\t\t\t\t\t\t\t<\/div>\n\t\t\t\t<\/div>\n\t\t\t\t\t<\/div>\n\t\t<\/div>\n\t\t\t\t\t<\/div>\n\t\t<\/section>\n\t\t\t\t<section class=\"elementor-section elementor-top-section elementor-element elementor-element-629b46c elementor-section-content-middle elementor-section-full_width elementor-reverse-mobile elementor-section-height-default elementor-section-height-default\" data-id=\"629b46c\" data-element_type=\"section\" data-e-type=\"section\" data-settings=\"{&quot;background_background&quot;:&quot;classic&quot;}\">\n\t\t\t\t\t\t<div class=\"elementor-container elementor-column-gap-no\">\n\t\t\t\t\t<div class=\"elementor-column elementor-col-50 elementor-top-column elementor-element elementor-element-465eb47f\" data-id=\"465eb47f\" data-element_type=\"column\" data-e-type=\"column\">\n\t\t\t<div class=\"elementor-widget-wrap elementor-element-populated\">\n\t\t\t\t\t\t<div class=\"elementor-element elementor-element-336a3ba5 elementor-widget elementor-widget-image\" data-id=\"336a3ba5\" data-element_type=\"widget\" data-e-type=\"widget\" data-widget_type=\"image.default\">\n\t\t\t\t<div class=\"elementor-widget-container\">\n\t\t\t\t\t\t\t\t\t\t\t\t\t\t\t<img decoding=\"async\" width=\"800\" height=\"562\" src=\"https:\/\/leadnectar.net\/wp-content\/uploads\/2022\/10\/ecommerce-girl-1024x719.jpeg\" class=\"attachment-large size-large wp-image-683\" alt=\"\" srcset=\"https:\/\/leadnectar.net\/wp-content\/uploads\/2022\/10\/ecommerce-girl-1024x719.jpeg 1024w, https:\/\/leadnectar.net\/wp-content\/uploads\/2022\/10\/ecommerce-girl-300x211.jpeg 300w, https:\/\/leadnectar.net\/wp-content\/uploads\/2022\/10\/ecommerce-girl-768x539.jpeg 768w, https:\/\/leadnectar.net\/wp-content\/uploads\/2022\/10\/ecommerce-girl-1536x1079.jpeg 1536w, https:\/\/leadnectar.net\/wp-content\/uploads\/2022\/10\/ecommerce-girl-2048x1438.jpeg 2048w\" sizes=\"(max-width: 800px) 100vw, 800px\" \/>\t\t\t\t\t\t\t\t\t\t\t\t\t\t\t<\/div>\n\t\t\t\t<\/div>\n\t\t\t\t\t<\/div>\n\t\t<\/div>\n\t\t\t\t<div class=\"elementor-column elementor-col-50 elementor-top-column elementor-element elementor-element-4e5e3273\" data-id=\"4e5e3273\" data-element_type=\"column\" data-e-type=\"column\">\n\t\t\t<div class=\"elementor-widget-wrap elementor-element-populated\">\n\t\t\t\t\t\t<div class=\"elementor-element elementor-element-14ef7ecf elementor-widget elementor-widget-heading\" data-id=\"14ef7ecf\" data-element_type=\"widget\" data-e-type=\"widget\" data-widget_type=\"heading.default\">\n\t\t\t\t<div class=\"elementor-widget-container\">\n\t\t\t\t\t<h2 class=\"elementor-heading-title elementor-size-default\">Ser advertido<\/h2>\t\t\t\t<\/div>\n\t\t\t\t<\/div>\n\t\t\t\t<div class=\"elementor-element elementor-element-617ac84 elementor-widget elementor-widget-text-editor\" data-id=\"617ac84\" data-element_type=\"widget\" data-e-type=\"widget\" data-widget_type=\"text-editor.default\">\n\t\t\t\t<div class=\"elementor-widget-container\">\n\t\t\t\t\t\t\t\t\t<p>Creaci\u00f3n de contenido cuidadosamente elaborado y publicaciones ubicadas estrat\u00e9gicamente que nutren sus relaciones.<\/p>\t\t\t\t\t\t\t\t<\/div>\n\t\t\t\t<\/div>\n\t\t\t\t\t<\/div>\n\t\t<\/div>\n\t\t\t\t\t<\/div>\n\t\t<\/section>\n\t\t\t\t<section class=\"elementor-section elementor-top-section elementor-element elementor-element-3cd155fa elementor-section-content-middle elementor-section-full_width elementor-section-height-default elementor-section-height-default\" data-id=\"3cd155fa\" data-element_type=\"section\" data-e-type=\"section\" data-settings=\"{&quot;background_background&quot;:&quot;classic&quot;}\">\n\t\t\t\t\t\t<div class=\"elementor-container elementor-column-gap-no\">\n\t\t\t\t\t<div class=\"elementor-column elementor-col-50 elementor-top-column elementor-element elementor-element-3771f051\" data-id=\"3771f051\" data-element_type=\"column\" data-e-type=\"column\">\n\t\t\t<div class=\"elementor-widget-wrap elementor-element-populated\">\n\t\t\t\t\t\t<div class=\"elementor-element elementor-element-bbf1f06 elementor-widget elementor-widget-heading\" data-id=\"bbf1f06\" data-element_type=\"widget\" data-e-type=\"widget\" data-widget_type=\"heading.default\">\n\t\t\t\t<div class=\"elementor-widget-container\">\n\t\t\t\t\t<h2 class=\"elementor-heading-title elementor-size-default\">Encuentre a sus clientes<\/h2>\t\t\t\t<\/div>\n\t\t\t\t<\/div>\n\t\t\t\t<div class=\"elementor-element elementor-element-32ff9eaf elementor-widget elementor-widget-text-editor\" data-id=\"32ff9eaf\" data-element_type=\"widget\" data-e-type=\"widget\" data-widget_type=\"text-editor.default\">\n\t\t\t\t<div class=\"elementor-widget-container\">\n\t\t\t\t\t\t\t\t\t<p>Utilice los datos enriquecidos de Linkedin Sales Navigator para identificar miles de excelentes clientes potenciales.\u00a0<\/p>\t\t\t\t\t\t\t\t<\/div>\n\t\t\t\t<\/div>\n\t\t\t\t\t<\/div>\n\t\t<\/div>\n\t\t\t\t<div class=\"elementor-column elementor-col-50 elementor-top-column elementor-element elementor-element-3a141bf1\" data-id=\"3a141bf1\" data-element_type=\"column\" data-e-type=\"column\">\n\t\t\t<div class=\"elementor-widget-wrap elementor-element-populated\">\n\t\t\t\t\t\t<div class=\"elementor-element elementor-element-344cab4f elementor-widget elementor-widget-image\" data-id=\"344cab4f\" data-element_type=\"widget\" data-e-type=\"widget\" data-widget_type=\"image.default\">\n\t\t\t\t<div class=\"elementor-widget-container\">\n\t\t\t\t\t\t\t\t\t\t\t\t\t\t\t<img loading=\"lazy\" decoding=\"async\" width=\"800\" height=\"355\" src=\"https:\/\/leadnectar.net\/wp-content\/uploads\/2022\/10\/data-graphic-1-1024x455.jpeg\" class=\"attachment-large size-large wp-image-776\" alt=\"\" srcset=\"https:\/\/leadnectar.net\/wp-content\/uploads\/2022\/10\/data-graphic-1-1024x455.jpeg 1024w, https:\/\/leadnectar.net\/wp-content\/uploads\/2022\/10\/data-graphic-1-300x133.jpeg 300w, https:\/\/leadnectar.net\/wp-content\/uploads\/2022\/10\/data-graphic-1-768x341.jpeg 768w, https:\/\/leadnectar.net\/wp-content\/uploads\/2022\/10\/data-graphic-1-1536x683.jpeg 1536w, https:\/\/leadnectar.net\/wp-content\/uploads\/2022\/10\/data-graphic-1-2048x910.jpeg 2048w\" sizes=\"(max-width: 800px) 100vw, 800px\" \/>\t\t\t\t\t\t\t\t\t\t\t\t\t\t\t<\/div>\n\t\t\t\t<\/div>\n\t\t\t\t\t<\/div>\n\t\t<\/div>\n\t\t\t\t\t<\/div>\n\t\t<\/section>\n\t\t\t\t<\/div>","protected":false},"excerpt":{"rendered":"<p>Linkedin Marketing Encuentre, con\u00e9ctese e interact\u00fae con sus clientes ideales en la plataforma de redes sociales profesional l\u00edder. Servicios Encuentre y con\u00e9ctese con miles de clientes potenciales calificados Navegador de ventas Optimizaci\u00f3n de b\u00fasqueda Auditor\u00eda de perfil y p\u00e1gina de empresa Creaci\u00f3n\/renovaci\u00f3n de perfil y p\u00e1gina de empresa Marketing de contenidos Gesti\u00f3n de cuentas Haga crecer sus seguidores Mayor participaci\u00f3n H\u00e1gase notar Creaci\u00f3n de contenido cuidadosamente elaborado y [\u2026]<\/p>","protected":false},"author":849,"featured_media":0,"parent":0,"menu_order":0,"comment_status":"closed","ping_status":"closed","template":"","meta":{"content-type":"","_uf_show_specific_survey":0,"_uf_disable_surveys":false,"footnotes":""},"class_list":["post-772","page","type-page","status-publish","hentry"],"aioseo_notices":[],"_links":{"self":[{"href":"https:\/\/leadnectar.net\/es\/wp-json\/wp\/v2\/pages\/772","targetHints":{"allow":["GET"]}}],"collection":[{"href":"https:\/\/leadnectar.net\/es\/wp-json\/wp\/v2\/pages"}],"about":[{"href":"https:\/\/leadnectar.net\/es\/wp-json\/wp\/v2\/types\/page"}],"author":[{"embeddable":true,"href":"https:\/\/leadnectar.net\/es\/wp-json\/wp\/v2\/users\/849"}],"replies":[{"embeddable":true,"href":"https:\/\/leadnectar.net\/es\/wp-json\/wp\/v2\/comments?post=772"}],"version-history":[{"count":9,"href":"https:\/\/leadnectar.net\/es\/wp-json\/wp\/v2\/pages\/772\/revisions"}],"predecessor-version":[{"id":2368,"href":"https:\/\/leadnectar.net\/es\/wp-json\/wp\/v2\/pages\/772\/revisions\/2368"}],"wp:attachment":[{"href":"https:\/\/leadnectar.net\/es\/wp-json\/wp\/v2\/media?parent=772"}],"curies":[{"name":"wp","href":"https:\/\/api.w.org\/{rel}","templated":true}]}}